{"id":1339,"date":"2022-09-21T07:31:46","date_gmt":"2022-09-21T07:31:46","guid":{"rendered":"https:\/\/kcgroup.ifeelcode.com\/apprendre-a-nous-connaitre\/"},"modified":"2024-10-17T07:58:09","modified_gmt":"2024-10-17T07:58:09","slug":"apprendre-a-nous-connaitre","status":"publish","type":"page","link":"https:\/\/kc-group.com.tr\/fr\/apprendre-a-nous-connaitre\/","title":{"rendered":"Apprendre a nous connaitre"},"content":{"rendered":"\n<div class=\"wp-block-stackable-columns stk-block-columns stk-block stk-5fad5e2\" data-block-id=\"5fad5e2\"><style>.stk-5fad5e2 .stk--block-align-5fad5e2{align-items:center !important}.stk-5fad5e2{margin-bottom:0px !important}.stk-5fad5e2-column{--stk-column-gap:50px !important;row-gap:80px !important}<\/style><div class=\"stk-row stk-inner-blocks stk--block-align-5fad5e2 stk-block-content stk-content-align stk-5fad5e2-column\">\n<div class=\"wp-block-stackable-column stk-block-column stk-column stk-block stk-c528311\" data-v=\"4\" data-block-id=\"c528311\"><style>.stk-c528311-container{margin-top:0px !important;margin-right:0px !important;margin-bottom:0px !important;margin-left:0px !important}@media screen and (min-width:768px){.stk-c528311{flex:1 1 calc(54.3% - var(--stk-column-gap,0px) * 1 \/ 2 ) !important}}@media screen and (min-width:768px) and (max-width:1023px){.stk-c528311{flex:0 1 calc(100% - var(--stk-column-gap,0px) * 0 \/ 1 ) !important}}<\/style><div class=\"stk-column-wrapper stk-block-column__content stk-container stk-c528311-container stk--no-background stk--no-padding\"><div class=\"stk-block-content stk-inner-blocks stk-c528311-inner-blocks\">\n<div class=\"wp-block-stackable-heading stk-block-heading stk-block-heading--v2 stk-block stk-0727391\" id=\"hakkimizda\" data-block-id=\"0727391\"><style>.stk-0727391{margin-bottom:10px !important}.stk-0727391 .stk-block-heading__text{font-size:50px !important}@media screen and (max-width:1023px){.stk-0727391{margin-bottom:30px !important}.stk-0727391 .stk-block-heading__text{font-size:35px !important}}@media screen and (max-width:767px){.stk-0727391 .stk-block-heading__text{font-size:30px !important}}<\/style><h2 class=\"stk-block-heading__text has-text-align-center-tablet\">\u00e0 propos de nous<\/h2><\/div>\n\n\n\n<div class=\"wp-block-stackable-text stk-block-text stk-block stk-a99f619\" data-block-id=\"a99f619\"><style>.stk-a99f619{margin-bottom:0px !important}.stk-a99f619 .stk-block-text__text{font-size:22px !important;color:var(--theme-palette-color-4,#2C1E18) !important}@media screen and (max-width:1023px){.stk-a99f619{margin-bottom:40px !important}.stk-a99f619 .stk-block-text__text{font-size:18px !important}}<\/style><p class=\"stk-block-text__text has-text-color has-text-align-center-tablet\">Fond\u00e9 en 2016, KC Group propose des services complets dans les domaines de la fabrication de m\u00e9taux, de l&rsquo;automobile, de l&rsquo;alimentation, du recyclage, de la chimie et des machines dans ses installations de production modernes \u00e0 Sakarya. Donnant la priorit\u00e9 \u00e0 la satisfaction du client et aux normes de qualit\u00e9 \u00e9lev\u00e9es, KC Group utilise son exp\u00e9rience et son expertise dans le secteur pour obtenir les meilleurs r\u00e9sultats dans chaque projet. <\/p><\/div>\n\n\n\n<div class=\"wp-block-stackable-text stk-block-text stk-block stk-bdf23ba\" data-block-id=\"bdf23ba\"><style>.stk-bdf23ba{margin-bottom:6px !important}.stk-bdf23ba .stk-block-text__text{font-size:22px !important;color:var(--theme-palette-color-4,#2C1E18) !important}@media screen and (max-width:1023px){.stk-bdf23ba{margin-bottom:40px !important}.stk-bdf23ba .stk-block-text__text{font-size:18px !important}}<\/style><p class=\"stk-block-text__text has-text-color has-text-align-center-tablet\">KC Group met \u00e0 votre disposition une \u00e9quipe exp\u00e9riment\u00e9e et qualifi\u00e9e. Nous avons des ing\u00e9nieurs en soudage, des ing\u00e9nieurs en m\u00e9canique, des experts en s\u00e9curit\u00e9 au travail de classe B et des soudeurs et personnel de machines qualifi\u00e9s qui sont experts dans leur domaine. Ce personnel expert poss\u00e8de les connaissances et l\u2019exp\u00e9rience n\u00e9cessaires pour r\u00e9pondre \u00e0 tous les besoins techniques et mener \u00e0 bien les projets.  <\/p><\/div>\n\n\n\n<div class=\"wp-block-stackable-text stk-block-text stk-block stk-2d9ee98\" data-block-id=\"2d9ee98\"><style>.stk-2d9ee98{margin-bottom:50px !important}.stk-2d9ee98 .stk-block-text__text{font-size:22px !important;color:var(--theme-palette-color-4,#2C1E18) !important}@media screen and (max-width:1023px){.stk-2d9ee98{margin-bottom:40px !important}.stk-2d9ee98 .stk-block-text__text{font-size:18px !important}}<\/style><p class=\"stk-block-text__text has-text-color has-text-align-center-tablet\">Nos domaines de service couvrent un large \u00e9ventail. Nous proposons des solutions compl\u00e8tes aux entreprises op\u00e9rant dans divers secteurs tels que l&rsquo;industrie chimique, l&rsquo;agroalimentaire, le recyclage, l&rsquo;automobile, l&rsquo;industrie laiti\u00e8re, l&rsquo;industrie pharmaceutique et cosm\u00e9tique, la sous-industrie, la fabrication de machines et le transport. Notre entreprise dispose d&rsquo;un large portefeuille de services tels que la conception, la production et la maintenance d&rsquo;appareils industriels. Nos produits comprennent des r\u00e9cipients sous pression, des r\u00e9servoirs de stockage, des r\u00e9acteurs industriels, des \u00e9changeurs de chaleur, des tuyaux industriels, des machines sp\u00e9ciales, des bobines de tuyaux et des unit\u00e9s sur patins.<br\/>Ayant des normes \u00e9lev\u00e9es en mati\u00e8re de qualit\u00e9, de s\u00e9curit\u00e9 et de satisfaction client, KC Group fournit une assurance qualit\u00e9 avec des certificats internationaux tels que les exigences de qualit\u00e9 pour le soudage par fusion de mat\u00e9riaux m\u00e9talliques EN ISO 3834-2, le syst\u00e8me de gestion de la qualit\u00e9 ISO 9001 : 2015 et le syst\u00e8me de gestion de la sant\u00e9 et de la s\u00e9curit\u00e9 au travail.<br\/>KC Group vise l&rsquo;excellence dans chaque projet avec son approche orient\u00e9e client et son exp\u00e9rience sectorielle et offre le meilleur service \u00e0 ses clients.   <\/p><\/div>\n<\/div><\/div><\/div>\n\n\n\n<div class=\"wp-block-stackable-column stk-block-column stk-column stk-block stk-48b8ece\" data-v=\"4\" data-block-id=\"48b8ece\"><style>.stk-48b8ece-container{margin-top:0px !important;margin-right:0px !important;margin-bottom:0px !important;margin-left:0px !important}@media screen and (min-width:768px){.stk-48b8ece{flex:1 1 calc(45.7% - var(--stk-column-gap,0px) * 1 \/ 2 ) !important}}@media screen and (min-width:768px) and (max-width:1023px){.stk-48b8ece{flex:0 1 calc(100% - var(--stk-column-gap,0px) * 0 \/ 1 ) !important}}<\/style><div class=\"stk-column-wrapper stk-block-column__content stk-container stk-48b8ece-container stk--no-background stk--no-padding\"><div class=\"stk-block-content stk-inner-blocks stk-48b8ece-inner-blocks\">\n<div class=\"wp-block-stackable-columns stk-block-columns stk-block stk-4cc089b\" data-block-id=\"4cc089b\"><style>.stk-4cc089b{margin-bottom:0px !important}@media screen and (max-width:767px){.stk-4cc089b{margin-bottom:10px !important}.stk-4cc089b-column{row-gap:10px !important}}<\/style><div class=\"stk-row stk-inner-blocks stk-block-content stk-content-align stk-4cc089b-column\">\n<div class=\"wp-block-stackable-column stk-block-column stk-column stk-block stk-1a7da7b\" data-v=\"4\" data-block-id=\"1a7da7b\"><style>.stk-1a7da7b-container{margin-top:0px !important;margin-right:0px !important;margin-bottom:0px !important;margin-left:0px !important}@media screen and (min-width:768px){.stk-1a7da7b{flex:1 1 calc(50% - var(--stk-column-gap,0px) * 1 \/ 2 ) !important}}<\/style><div class=\"stk-column-wrapper stk-block-column__content stk-container stk-1a7da7b-container stk--no-background stk--no-padding\"><div class=\"stk-block-content stk-inner-blocks stk-1a7da7b-inner-blocks\">\n<div class=\"wp-block-stackable-image stk-block-image stk-block stk-c86659e\" data-block-id=\"c86659e\"><style>.stk-c86659e .stk-img-wrapper{width:100% !important;height:372px !important}<\/style><figure><div class=\"stk-img-wrapper stk-image--shape-stretch\"><img loading=\"lazy\" decoding=\"async\" class=\"stk-img wp-image-1330\" src=\"https:\/\/kc-group.com.tr\/wp-content\/uploads\/2024\/03\/1638605301-en.jpeg\" width=\"2101\" height=\"1995\" srcset=\"https:\/\/kc-group.com.tr\/wp-content\/uploads\/2024\/03\/1638605301-en.jpeg 2101w, https:\/\/kc-group.com.tr\/wp-content\/uploads\/2024\/03\/1638605301-en-300x285.jpeg 300w, https:\/\/kc-group.com.tr\/wp-content\/uploads\/2024\/03\/1638605301-en-1024x972.jpeg 1024w, https:\/\/kc-group.com.tr\/wp-content\/uploads\/2024\/03\/1638605301-en-768x729.jpeg 768w, https:\/\/kc-group.com.tr\/wp-content\/uploads\/2024\/03\/1638605301-en-1536x1459.jpeg 1536w, https:\/\/kc-group.com.tr\/wp-content\/uploads\/2024\/03\/1638605301-en-2048x1945.jpeg 2048w\" sizes=\"auto, (max-width: 2101px) 100vw, 2101px\" \/><\/div><\/figure><\/div>\n<\/div><\/div><\/div>\n\n\n\n<div class=\"wp-block-stackable-column stk-block-column stk-column stk-block stk-249d68b stk-block-background\" data-v=\"4\" data-block-id=\"249d68b\"><style>.stk-249d68b-container{margin-top:0px !important;margin-right:0px !important;margin-bottom:0px !important;margin-left:0px !important}.stk-249d68b{align-self:flex-end !important;background-color:var(--theme-palette-color-1,#CB602C) !important;padding-top:85px !important;padding-right:40px !important;padding-bottom:85px !important;padding-left:40px !important}.stk-249d68b:before{background-color:var(--theme-palette-color-1,#CB602C) !important}@media screen and (min-width:768px){.stk-249d68b{flex:1 1 calc(50% - var(--stk-column-gap,0px) * 1 \/ 2 ) !important}}<\/style><div class=\"stk-column-wrapper stk-block-column__content stk-container stk-249d68b-container stk--no-background stk--no-padding\"><div class=\"stk-block-content stk-inner-blocks stk-249d68b-inner-blocks\">\n<div class=\"wp-block-stackable-count-up stk-block-count-up stk-block stk-cc561ab\" data-block-id=\"cc561ab\"><style>.stk-cc561ab{margin-bottom:20px !important}.stk-cc561ab .stk-block-count-up__text{font-size:70px !important;color:var(--theme-palette-color-8,#ffffff) !important;line-height:1em !important;font-weight:700 !important;font-family:\"Outfit\",Sans-serif !important}@media screen and (max-width:1023px){.stk-cc561ab .stk-block-count-up__text{font-size:50px !important}}<\/style><div class=\"stk-block-count-up__text has-text-color has-text-align-center\">7+<\/div><\/div>\n\n\n\n<div class=\"wp-block-stackable-heading stk-block-heading stk-block-heading--v2 stk-block stk-1ca5b86\" id=\"yil-tecrube\" data-block-id=\"1ca5b86\"><style>.stk-1ca5b86 .stk-block-heading__text{color:var(--theme-palette-color-8,#ffffff) !important}<\/style><h5 class=\"stk-block-heading__text has-text-color has-text-align-center\">des ann\u00e9es d&rsquo;exp\u00e9rience<\/h5><\/div>\n<\/div><\/div><\/div>\n<\/div><\/div>\n\n\n\n<div class=\"wp-block-stackable-columns stk-block-columns stk-block stk-e3b8ad0\" data-block-id=\"e3b8ad0\"><style>@media screen and (max-width:767px){.stk-e3b8ad0-column{row-gap:10px !important}}<\/style><div class=\"stk-row stk-inner-blocks stk-block-content stk-content-align stk-e3b8ad0-column\">\n<div class=\"wp-block-stackable-column stk-block-column stk-column stk-block stk-5cb3a3a stk-block-background\" data-v=\"4\" data-block-id=\"5cb3a3a\"><style>.stk-5cb3a3a-container{margin-top:0px !important;margin-right:0px !important;margin-bottom:0px !important;margin-left:0px !important}.stk-5cb3a3a{align-self:flex-start !important;background-color:var(--theme-palette-color-1,#CB602C) !important;padding-top:85px !important;padding-right:40px !important;padding-bottom:85px !important;padding-left:40px !important}.stk-5cb3a3a:before{background-color:var(--theme-palette-color-1,#CB602C) !important}@media screen and (min-width:768px){.stk-5cb3a3a{flex:1 1 calc(50% - var(--stk-column-gap,0px) * 1 \/ 2 ) !important}}<\/style><div class=\"stk-column-wrapper stk-block-column__content stk-container stk-5cb3a3a-container stk--no-background stk--no-padding\"><div class=\"stk-block-content stk-inner-blocks stk-5cb3a3a-inner-blocks\">\n<div class=\"wp-block-stackable-icon stk-block-icon has-text-align-center stk-block stk-54289c6\" data-block-id=\"54289c6\"><style>.stk-54289c6 .stk--svg-wrapper .stk--inner-svg svg:last-child{height:64px !important;width:64px !important}.stk-54289c6 .stk--svg-wrapper .stk--inner-svg svg:last-child,.stk-54289c6 .stk--svg-wrapper .stk--inner-svg svg:last-child :is(g,path,rect,polygon,ellipse){fill:var(--theme-palette-color-8,#ffffff) !important}<\/style><span class=\"stk--svg-wrapper\"><div class=\"stk--inner-svg\"><svg style=\"height:0;width:0\"><defs><lineargradient id=\"linear-gradient-54289c6\" x1=\"0\" x2=\"100%\" y1=\"0\" y2=\"0\"><stop offset=\"0%\" style=\"stop-opacity:1;stop-color:var(--linear-gradient-54289-c-6-color-1)\"><\/stop><stop offset=\"100%\" style=\"stop-opacity:1;stop-color:var(--linear-gradient-54289-c-6-color-2)\"><\/stop><\/lineargradient><\/defs><\/svg><svg aria-hidden=\"true\" focusable=\"false\" data-prefix=\"far\" data-icon=\"smile\" class=\"svg-inline--fa fa-smile fa-w-16\" xmlns=\"http:\/\/www.w3.org\/2000\/svg\" viewbox=\"0 0 496 512\" width=\"32\" height=\"32\"><path fill=\"currentColor\" d=\"M248 8C111 8 0 119 0 256s111 248 248 248 248-111 248-248S385 8 248 8zm0 448c-110.3 0-200-89.7-200-200S137.7 56 248 56s200 89.7 200 200-89.7 200-200 200zm-80-216c17.7 0 32-14.3 32-32s-14.3-32-32-32-32 14.3-32 32 14.3 32 32 32zm160 0c17.7 0 32-14.3 32-32s-14.3-32-32-32-32 14.3-32 32 14.3 32 32 32zm4 72.6c-20.8 25-51.5 39.4-84 39.4s-63.2-14.3-84-39.4c-8.5-10.2-23.7-11.5-33.8-3.1-10.2 8.5-11.5 23.6-3.1 33.8 30 36 74.1 56.6 120.9 56.6s90.9-20.6 120.9-56.6c8.5-10.2 7.1-25.3-3.1-33.8-10.1-8.4-25.3-7.1-33.8 3.1z\"><\/path><\/svg><\/div><\/span><\/div>\n\n\n\n<div class=\"wp-block-stackable-heading stk-block-heading stk-block-heading--v2 stk-block stk-f3394f7\" id=\"mutlu-musteriler\" data-block-id=\"f3394f7\"><style>.stk-f3394f7 .stk-block-heading__text{color:var(--theme-palette-color-8,#ffffff) !important}<\/style><h5 class=\"stk-block-heading__text has-text-color has-text-align-center\">Clients satisfaits<\/h5><\/div>\n<\/div><\/div><\/div>\n\n\n\n<div class=\"wp-block-stackable-column stk-block-column stk-column stk-block stk-0ea14fd\" data-v=\"4\" data-block-id=\"0ea14fd\"><style>.stk-0ea14fd-container{margin-top:0px !important;margin-right:0px !important;margin-bottom:0px !important;margin-left:0px !important}@media screen and (min-width:768px){.stk-0ea14fd{flex:1 1 calc(50% - var(--stk-column-gap,0px) * 1 \/ 2 ) !important}}<\/style><div class=\"stk-column-wrapper stk-block-column__content stk-container stk-0ea14fd-container stk--no-background stk--no-padding\"><div class=\"stk-block-content stk-inner-blocks stk-0ea14fd-inner-blocks\">\n<div class=\"wp-block-stackable-image stk-block-image stk-block stk-8b63aff\" data-block-id=\"8b63aff\"><style>.stk-8b63aff .stk-img-wrapper{width:100% !important;height:378px !important}<\/style><figure><div class=\"stk-img-wrapper stk-image--shape-stretch\"><img loading=\"lazy\" decoding=\"async\" class=\"stk-img wp-image-1334\" src=\"https:\/\/kc-group.com.tr\/wp-content\/uploads\/2024\/03\/1637763156-en.jpeg\" width=\"1199\" height=\"674\" srcset=\"https:\/\/kc-group.com.tr\/wp-content\/uploads\/2024\/03\/1637763156-en.jpeg 1199w, https:\/\/kc-group.com.tr\/wp-content\/uploads\/2024\/03\/1637763156-en-300x169.jpeg 300w, https:\/\/kc-group.com.tr\/wp-content\/uploads\/2024\/03\/1637763156-en-1024x576.jpeg 1024w, https:\/\/kc-group.com.tr\/wp-content\/uploads\/2024\/03\/1637763156-en-768x432.jpeg 768w\" sizes=\"auto, (max-width: 1199px) 100vw, 1199px\" \/><\/div><\/figure><\/div>\n<\/div><\/div><\/div>\n<\/div><\/div>\n<\/div><\/div><\/div>\n<\/div><\/div>\n","protected":false},"excerpt":{"rendered":"<p>\u00e0 propos de nous Fond\u00e9 en 2016, KC Group propose des services complets dans les domaines de la fabrication de m\u00e9taux, de l&rsquo;automobile, de l&rsquo;alimentation, du recyclage, de la chimie et des machines dans ses installations de production modernes \u00e0 Sakarya. Donnant la priorit\u00e9 \u00e0 la satisfaction du client et aux normes de qualit\u00e9 \u00e9lev\u00e9es, [&hellip;]<\/p>\n","protected":false},"author":1,"featured_media":0,"parent":0,"menu_order":0,"comment_status":"closed","ping_status":"closed","template":"","meta":{"footnotes":""},"class_list":["post-1339","page","type-page","status-publish","hentry"],"blocksy_meta":{"styles_descriptor":{"styles":{"desktop":"","tablet":"","mobile":""},"google_fonts":[],"version":6},"page_title_panel":"","has_hero_section":"default","30bc2ffcfb8806c7c5c158e966a65760":"","hero_section":"type-1","hero_elements":[{"id":"custom_title","enabled":true,"heading_tag":"h1","title":"Home"},{"id":"custom_description","enabled":true,"description_visibility":{"desktop":true,"tablet":true,"mobile":false}},{"id":"custom_meta","enabled":false,"meta_elements":[{"id":"author","enabled":true,"label":"By","has_author_avatar":"yes","avatar_size":25},{"id":"post_date","enabled":true,"label":"On","date_format_source":"default","date_format":"M j, Y"},{"id":"updated_date","enabled":false,"label":"On","date_format_source":"default","date_format":"M j, Y"},{"id":"categories","enabled":false,"label":"In","style":"simple"},{"id":"comments","enabled":true}],"page_meta_elements":{"joined":true,"articles_count":true,"comments":true}},{"id":"breadcrumbs","enabled":false}],"055c9ea96aa1d3b3012b15ac5702cc32":"","hero_alignment1":"CT_CSS_SKIP_RULE","hero_margin":40,"hero_alignment2":"center","hero_vertical_alignment":"center","f3bf3006ea8c007c3d38f124746bfa69":"","hero_structure":"narrow","3b08f62b2d3d61f1e4ab90d33ca533ce":"","page_title_bg_type":"featured_image","custom_hero_background":{"attachment_id":null},"page_title_image_size":"full","parallax":{"desktop":false,"tablet":false,"mobile":false},"8054fd0d19580bce629d54e8b2c1c046":"","hero_height":"250px","pageTitleFont":{"family":"Default","variation":"Default","size":"30px","line-height":"CT_CSS_SKIP_RULE","letter-spacing":"CT_CSS_SKIP_RULE","text-transform":"CT_CSS_SKIP_RULE","text-decoration":"CT_CSS_SKIP_RULE"},"pageTitleFontColor":{"default":{"color":"CT_CSS_SKIP_RULEDEFAULT"}},"pageMetaFont":{"family":"Default","variation":"n6","size":"12px","line-height":"1.3","letter-spacing":"CT_CSS_SKIP_RULE","text-transform":"uppercase","text-decoration":"CT_CSS_SKIP_RULE"},"pageMetaFontColor":{"default":{"color":"CT_CSS_SKIP_RULEDEFAULT"},"hover":{"color":"CT_CSS_SKIP_RULEDEFAULT"}},"page_meta_button_type_font_colors":{"default":{"color":"CT_CSS_SKIP_RULEDEFAULT"},"hover":{"color":"CT_CSS_SKIP_RULEDEFAULT"}},"page_meta_button_type_background_colors":{"default":{"color":"CT_CSS_SKIP_RULEDEFAULT"},"hover":{"color":"CT_CSS_SKIP_RULEDEFAULT"}},"pageExcerptFont":{"family":"Default","variation":"Default","size":"CT_CSS_SKIP_RULE","line-height":"CT_CSS_SKIP_RULE","letter-spacing":"CT_CSS_SKIP_RULE","text-transform":"CT_CSS_SKIP_RULE","text-decoration":"CT_CSS_SKIP_RULE"},"pageExcerptColor":{"default":{"color":"CT_CSS_SKIP_RULEDEFAULT"}},"breadcrumbsFont":{"family":"Default","variation":"Default","size":"CT_CSS_SKIP_RULE","line-height":"CT_CSS_SKIP_RULE","letter-spacing":"CT_CSS_SKIP_RULE","text-transform":"CT_CSS_SKIP_RULE","text-decoration":"CT_CSS_SKIP_RULE"},"breadcrumbsFontColor":{"default":{"color":"CT_CSS_SKIP_RULEDEFAULT"},"initial":{"color":"CT_CSS_SKIP_RULEDEFAULT"},"hover":{"color":"CT_CSS_SKIP_RULEDEFAULT"}},"pageTitleOverlay":{"background_type":"color","background_pattern":"type-1","background_image":{"attachment_id":null,"x":0,"y":0},"gradient":"linear-gradient(135deg,rgba(6,147,227,1) 0%,rgb(155,81,224) 100%)","background_repeat":"repeat","background_size":"auto","background_attachment":"scroll","patternColor":{"default":{"color":"#e5e7ea"}},"overlayColor":{"default":{"color":"CT_CSS_SKIP_RULE"}},"backgroundColor":{"default":{"color":"CT_CSS_SKIP_RULE"}}},"pageTitleBackground":{"background_type":"color","background_pattern":"type-1","background_image":{"attachment_id":null,"x":0,"y":0},"gradient":"linear-gradient(135deg,rgba(6,147,227,1) 0%,rgb(155,81,224) 100%)","background_repeat":"repeat","background_size":"auto","background_attachment":"scroll","patternColor":{"default":{"color":"#e5e7ea"}},"overlayColor":{"default":{"color":"CT_CSS_SKIP_RULE"}},"backgroundColor":{"default":{"color":"var(--theme-palette-color-6)"}}},"pageTitlePadding":{"top":"50px","bottom":"50px","left":"auto","right":"auto","linked":true},"295552b992ae0b3e5ed6d86c208e1a9b":"","page_structure_type":"default","9c977c51da051d8e9d3bfa2534ee29fe":"","content_style_source":"inherit","content_style":"wide","vertical_spacing_source":"inherit","content_area_spacing":"none","background":{"background_type":"color","background_pattern":"type-1","background_image":{"attachment_id":null,"x":0,"y":0},"gradient":"linear-gradient(135deg,rgba(6,147,227,1) 0%,rgb(155,81,224) 100%)","background_repeat":"repeat","background_size":"auto","background_attachment":"scroll","patternColor":{"default":{"color":"#e5e7ea"}},"overlayColor":{"default":{"color":"CT_CSS_SKIP_RULE"}},"backgroundColor":{"default":{"color":"CT_CSS_SKIP_RULE"}}},"content_background":{"background_type":"color","background_pattern":"type-1","background_image":{"attachment_id":null,"x":0,"y":0},"gradient":"linear-gradient(135deg,rgba(6,147,227,1) 0%,rgb(155,81,224) 100%)","background_repeat":"repeat","background_size":"auto","background_attachment":"scroll","patternColor":{"default":{"color":"#e5e7ea"}},"overlayColor":{"default":{"color":"CT_CSS_SKIP_RULE"}},"backgroundColor":{"default":{"color":"var(--theme-palette-color-8)"}}},"content_boxed_shadow":{"inherit":false,"blur":18,"spread":-6,"v_offset":12,"h_offset":0,"inset":false,"enable":true,"color":{"color":"rgba(34, 56, 101, 0.04)"}},"content_boxed_border":{"width":1,"style":"none","color":{"color":"rgba(44,62,80,0.2)"}},"content_boxed_radius":{"top":"3px","bottom":"3px","left":"3px","right":"3px","linked":true},"boxed_content_spacing":{"desktop":{"top":"40px","bottom":"40px","left":"40px","right":"40px","linked":true},"tablet":{"top":"35px","bottom":"35px","left":"35px","right":"35px","linked":true},"mobile":{"top":"20px","bottom":"20px","left":"20px","right":"20px","linked":true}},"3d8f2192bb3e81289975adccbeaf9c52":"","disable_featured_image":"no","disable_share_box":"no","disable_header":"no","disable_footer":"no"},"featured_image_urls":{"full":"","thumbnail":"","medium":"","medium_large":"","large":"","1536x1536":"","2048x2048":""},"post_excerpt_stackable":"<p>\u00e0 propos de nous Fond\u00e9 en 2016, KC Group propose des services complets dans les domaines de la fabrication de m\u00e9taux, de l&rsquo;automobile, de l&rsquo;alimentation, du recyclage, de la chimie et des machines dans ses installations de production modernes \u00e0 Sakarya. Donnant la priorit\u00e9 \u00e0 la satisfaction du client et aux normes de qualit\u00e9 \u00e9lev\u00e9es, KC Group utilise son exp\u00e9rience et son expertise dans le secteur pour obtenir les meilleurs r\u00e9sultats dans chaque projet. KC Group met \u00e0 votre disposition une \u00e9quipe exp\u00e9riment\u00e9e et qualifi\u00e9e. Nous avons des ing\u00e9nieurs en soudage, des ing\u00e9nieurs en m\u00e9canique, des experts en s\u00e9curit\u00e9 au\u2026<\/p>\n","category_list":"","author_info":{"name":"admin","url":"https:\/\/kc-group.com.tr\/fr\/author\/kcgroup\/"},"comments_num":"0 comments","meta_box":[],"_links":{"self":[{"href":"https:\/\/kc-group.com.tr\/fr\/wp-json\/wp\/v2\/pages\/1339","targetHints":{"allow":["GET"]}}],"collection":[{"href":"https:\/\/kc-group.com.tr\/fr\/wp-json\/wp\/v2\/pages"}],"about":[{"href":"https:\/\/kc-group.com.tr\/fr\/wp-json\/wp\/v2\/types\/page"}],"author":[{"embeddable":true,"href":"https:\/\/kc-group.com.tr\/fr\/wp-json\/wp\/v2\/users\/1"}],"replies":[{"embeddable":true,"href":"https:\/\/kc-group.com.tr\/fr\/wp-json\/wp\/v2\/comments?post=1339"}],"version-history":[{"count":5,"href":"https:\/\/kc-group.com.tr\/fr\/wp-json\/wp\/v2\/pages\/1339\/revisions"}],"predecessor-version":[{"id":2531,"href":"https:\/\/kc-group.com.tr\/fr\/wp-json\/wp\/v2\/pages\/1339\/revisions\/2531"}],"wp:attachment":[{"href":"https:\/\/kc-group.com.tr\/fr\/wp-json\/wp\/v2\/media?parent=1339"}],"curies":[{"name":"wp","href":"https:\/\/api.w.org\/{rel}","templated":true}]}}