{"id":1349,"date":"2024-03-07T09:04:58","date_gmt":"2024-03-07T09:04:58","guid":{"rendered":"https:\/\/kcgroup.ifeelcode.com\/assurance-qualite\/"},"modified":"2024-09-03T08:57:54","modified_gmt":"2024-09-03T08:57:54","slug":"assurance-qualite","status":"publish","type":"page","link":"https:\/\/kc-group.com.tr\/fr\/assurance-qualite\/","title":{"rendered":"Assurance qualit\u00e9"},"content":{"rendered":"\n<p>En tant que KC GROUP, dans le cadre des normes nationales et internationales ;<\/p>\n\n<ul class=\"wp-block-list\">\n<li>R\u00e9pondre aux besoins et aux attentes de nos clients de la meilleure fa\u00e7on et dans les meilleurs d\u00e9lais,<\/li>\n\n\n\n<li>Assurer un d\u00e9veloppement continu afin de r\u00e9pondre \u00e0 la satisfaction et aux attentes des clients, suivre de pr\u00e8s les \u00e9volutions technologiques dans ce sens,<\/li>\n\n\n\n<li>Conscients que la confiance est le plus grand capital, nous nous effor\u00e7ons d&rsquo;accro\u00eetre ce capital jour apr\u00e8s jour, ce qui constitue la base de nos principes de travail et de nos objectifs,<\/li>\n\n\n\n<li>\u00catre un fournisseur privil\u00e9gi\u00e9 et permanent de nos clients avec toute une cha\u00eene de services et coop\u00e9rer avec nos fournisseurs pour prot\u00e9ger et d\u00e9velopper nos int\u00e9r\u00eats communs,<\/li>\n\n\n\n<li>Fournir des gains \u00e0 long terme \u00e0 nos clients et \u00e0 notre entreprise en garantissant l&rsquo;utilisation efficace et efficiente des ressources,<\/li>\n\n\n\n<li>Atteindre les objectifs de l&rsquo;entreprise dans un esprit d&rsquo;\u00e9quipe en fournissant l&rsquo;infrastructure n\u00e9cessaire \u00e0 notre personnel,<\/li>\n\n\n\n<li>Accepter la QUALIT\u00c9 comme style de vie, concevoir, produire, contr\u00f4ler et am\u00e9liorer constamment la QUALIT\u00c9, et la fournir et la maintenir avec le soutien volontaire et la conscience de responsabilit\u00e9 de tous les employ\u00e9s.<\/li>\n\n\n\n<li>Mise en \u0153uvre et am\u00e9lioration continue sans aucun compromis en respectant les exigences du syst\u00e8me de gestion de la qualit\u00e9 ISO 9001 : 2015,<\/li>\n\n\n\n<li>Nous nous engageons \u00e0 assumer la responsabilit\u00e9 de laisser un monde plus vivable aux g\u00e9n\u00e9rations futures, avec une conscience efficace de la sant\u00e9, de la s\u00e9curit\u00e9 et de l&rsquo;environnement, en prenant des mesures pour minimiser les effets sur les employ\u00e9s et l&rsquo;environnement lors de la planification et de l&rsquo;ex\u00e9cution des travaux, et \u00e0 \u00eatre une entreprise exemplaire dans ce domaine.<\/li>\n<\/ul>\n\n<p>Gr\u00e2ce \u00e0 toutes ces \u00e9tudes, elle s&rsquo;engage \u00e0 figurer parmi les entreprises leaders en tant que marque mondiale dans son secteur national et international.<\/p>\n\n<div class=\"wp-block-stackable-columns stk-block-columns stk-block stk-41ecedf\" data-block-id=\"41ecedf\"><div class=\"stk-row stk-inner-blocks stk-block-content stk-content-align stk-41ecedf-column\">\n<div class=\"wp-block-stackable-column stk-block-column stk-column stk-block stk-93c919f\" data-v=\"4\" data-block-id=\"93c919f\"><style>@media screen and (min-width:768px){.stk-93c919f{flex:1 1 calc(50% - var(--stk-column-gap,0px) * 1 \/ 2 ) !important}}<\/style><div class=\"stk-column-wrapper stk-block-column__content stk-container stk-93c919f-container stk--no-background stk--no-padding\"><div class=\"stk-block-content stk-inner-blocks stk-93c919f-inner-blocks\">\n<figure class=\"wp-block-gallery has-nested-images columns-default is-cropped wp-block-gallery-1 is-layout-flex wp-block-gallery-is-layout-flex\">\n<figure class=\"wp-block-image size-large\"><img loading=\"lazy\" decoding=\"async\" width=\"1024\" height=\"1024\" data-id=\"2456\" src=\"https:\/\/kc-group.com.tr\/wp-content\/uploads\/2024\/09\/a-conference-room-scene-where-a-diverse-group-of-e-kJmzn4CxRfKGTzioKuAjkg-3oZ3-Ul5SACJUEn5x2shbA-1.jpeg\" alt=\"\" class=\"wp-image-2456\" srcset=\"https:\/\/kc-group.com.tr\/wp-content\/uploads\/2024\/09\/a-conference-room-scene-where-a-diverse-group-of-e-kJmzn4CxRfKGTzioKuAjkg-3oZ3-Ul5SACJUEn5x2shbA-1.jpeg 1024w, https:\/\/kc-group.com.tr\/wp-content\/uploads\/2024\/09\/a-conference-room-scene-where-a-diverse-group-of-e-kJmzn4CxRfKGTzioKuAjkg-3oZ3-Ul5SACJUEn5x2shbA-1-300x300.jpeg 300w, https:\/\/kc-group.com.tr\/wp-content\/uploads\/2024\/09\/a-conference-room-scene-where-a-diverse-group-of-e-kJmzn4CxRfKGTzioKuAjkg-3oZ3-Ul5SACJUEn5x2shbA-1-150x150.jpeg 150w, https:\/\/kc-group.com.tr\/wp-content\/uploads\/2024\/09\/a-conference-room-scene-where-a-diverse-group-of-e-kJmzn4CxRfKGTzioKuAjkg-3oZ3-Ul5SACJUEn5x2shbA-1-768x768.jpeg 768w\" sizes=\"auto, (max-width: 1024px) 100vw, 1024px\" \/><\/figure>\n<\/figure>\n<\/div><\/div><\/div>\n\n\n\n<div class=\"wp-block-stackable-column stk-block-column stk-column stk-block stk-4857701\" data-v=\"4\" data-block-id=\"4857701\"><style>@media screen and (min-width:768px){.stk-4857701{flex:1 1 calc(50% - var(--stk-column-gap,0px) * 1 \/ 2 ) !important}}<\/style><div class=\"stk-column-wrapper stk-block-column__content stk-container stk-4857701-container stk--no-background stk--no-padding\"><div class=\"stk-block-content stk-inner-blocks stk-4857701-inner-blocks\">\n<figure class=\"wp-block-gallery has-nested-images columns-default is-cropped wp-block-gallery-2 is-layout-flex wp-block-gallery-is-layout-flex\">\n<figure class=\"wp-block-image size-full\"><img loading=\"lazy\" decoding=\"async\" width=\"1024\" height=\"1024\" data-id=\"2462\" src=\"https:\/\/kc-group.com.tr\/wp-content\/uploads\/2024\/09\/a-photo-of-a-conference-room-with-a-diverse-group-yue1-Kb8T262UPZlQi0obw-mYW6OvE3ReS4qEZcIU8EHA.jpeg\" alt=\"\" class=\"wp-image-2462\" srcset=\"https:\/\/kc-group.com.tr\/wp-content\/uploads\/2024\/09\/a-photo-of-a-conference-room-with-a-diverse-group-yue1-Kb8T262UPZlQi0obw-mYW6OvE3ReS4qEZcIU8EHA.jpeg 1024w, https:\/\/kc-group.com.tr\/wp-content\/uploads\/2024\/09\/a-photo-of-a-conference-room-with-a-diverse-group-yue1-Kb8T262UPZlQi0obw-mYW6OvE3ReS4qEZcIU8EHA-300x300.jpeg 300w, https:\/\/kc-group.com.tr\/wp-content\/uploads\/2024\/09\/a-photo-of-a-conference-room-with-a-diverse-group-yue1-Kb8T262UPZlQi0obw-mYW6OvE3ReS4qEZcIU8EHA-150x150.jpeg 150w, https:\/\/kc-group.com.tr\/wp-content\/uploads\/2024\/09\/a-photo-of-a-conference-room-with-a-diverse-group-yue1-Kb8T262UPZlQi0obw-mYW6OvE3ReS4qEZcIU8EHA-768x768.jpeg 768w\" sizes=\"auto, (max-width: 1024px) 100vw, 1024px\" \/><\/figure>\n<\/figure>\n<\/div><\/div><\/div>\n<\/div><\/div>\n","protected":false},"excerpt":{"rendered":"<p>En tant que KC GROUP, dans le cadre des normes nationales et internationales ; Gr\u00e2ce \u00e0 toutes ces \u00e9tudes, elle s&rsquo;engage \u00e0 figurer parmi les entreprises leaders en tant que marque mondiale dans son secteur national et international.<\/p>\n","protected":false},"author":1,"featured_media":0,"parent":0,"menu_order":0,"comment_status":"closed","ping_status":"closed","template":"","meta":{"footnotes":""},"class_list":["post-1349","page","type-page","status-publish","hentry"],"blocksy_meta":[],"featured_image_urls":{"full":"","thumbnail":"","medium":"","medium_large":"","large":"","1536x1536":"","2048x2048":""},"post_excerpt_stackable":"<p>En tant que KC GROUP, dans le cadre des normes nationales et internationales ; R\u00e9pondre aux besoins et aux attentes de nos clients de la meilleure fa\u00e7on et dans les meilleurs d\u00e9lais, Assurer un d\u00e9veloppement continu afin de r\u00e9pondre \u00e0 la satisfaction et aux attentes des clients, suivre de pr\u00e8s les \u00e9volutions technologiques dans ce sens, Conscients que la confiance est le plus grand capital, nous nous effor\u00e7ons d&rsquo;accro\u00eetre ce capital jour apr\u00e8s jour, ce qui constitue la base de nos principes de travail et de nos objectifs, \u00catre un fournisseur privil\u00e9gi\u00e9 et permanent de nos clients avec toute une\u2026<\/p>\n","category_list":"","author_info":{"name":"admin","url":"https:\/\/kc-group.com.tr\/fr\/author\/kcgroup\/"},"comments_num":"0 comments","meta_box":[],"_links":{"self":[{"href":"https:\/\/kc-group.com.tr\/fr\/wp-json\/wp\/v2\/pages\/1349","targetHints":{"allow":["GET"]}}],"collection":[{"href":"https:\/\/kc-group.com.tr\/fr\/wp-json\/wp\/v2\/pages"}],"about":[{"href":"https:\/\/kc-group.com.tr\/fr\/wp-json\/wp\/v2\/types\/page"}],"author":[{"embeddable":true,"href":"https:\/\/kc-group.com.tr\/fr\/wp-json\/wp\/v2\/users\/1"}],"replies":[{"embeddable":true,"href":"https:\/\/kc-group.com.tr\/fr\/wp-json\/wp\/v2\/comments?post=1349"}],"version-history":[{"count":2,"href":"https:\/\/kc-group.com.tr\/fr\/wp-json\/wp\/v2\/pages\/1349\/revisions"}],"predecessor-version":[{"id":2471,"href":"https:\/\/kc-group.com.tr\/fr\/wp-json\/wp\/v2\/pages\/1349\/revisions\/2471"}],"wp:attachment":[{"href":"https:\/\/kc-group.com.tr\/fr\/wp-json\/wp\/v2\/media?parent=1349"}],"curies":[{"name":"wp","href":"https:\/\/api.w.org\/{rel}","templated":true}]}}