{"id":1353,"date":"2024-03-07T09:11:11","date_gmt":"2024-03-07T09:11:11","guid":{"rendered":"https:\/\/kcgroup.ifeelcode.com\/certificats\/"},"modified":"2024-03-26T11:28:02","modified_gmt":"2024-03-26T11:28:02","slug":"certificats","status":"publish","type":"page","link":"https:\/\/kc-group.com.tr\/fr\/certificats\/","title":{"rendered":"Certificats"},"content":{"rendered":"\n<div class=\"wp-block-stackable-columns aligncenter stk-block-columns stk-block stk-cd4c0c6\" data-block-id=\"cd4c0c6\"><div class=\"stk-row stk-inner-blocks stk-block-content stk-content-align stk-cd4c0c6-column\">\n<div class=\"wp-block-stackable-column stk-block-column stk-column stk-block stk-dcfcd34\" data-v=\"4\" data-block-id=\"dcfcd34\"><style>.stk-dcfcd34{align-self:center !important}@media screen and (min-width:768px){.stk-dcfcd34{flex:1 1 33.3% !important}}<\/style><div class=\"stk-column-wrapper stk-block-column__content stk-container stk-dcfcd34-container stk--no-background stk--no-padding\"><div class=\"stk-block-content stk-inner-blocks stk-dcfcd34-inner-blocks\">\n<div class=\"wp-block-stackable-heading stk-block-heading stk-block-heading--v2 stk-block stk-3f1b3a0\" id=\"sertifikalar\" data-block-id=\"3f1b3a0\"><style>.stk-3f1b3a0 .stk-block-heading__text{color:var(--theme-palette-color-4,#2C1E18) !important}<\/style><h2 class=\"stk-block-heading__text has-text-color\">Sertifikalar<\/h2><\/div>\n\n\n\n<div class=\"wp-block-stackable-icon-list stk-block-icon-list stk-block stk-cf6caa0\" data-block-id=\"cf6caa0\"><style>.stk-cf6caa0 ul li{list-style-image:url('data:image\/svg+xml;base64,PHN2ZyB4bWxucz0iaHR0cDovL3d3dy53My5vcmcvMjAwMC9zdmciIHZpZXdCb3g9IjAgMCAxOTAgMTkwIiBzdHlsZT0iZmlsbDogIzAwMCAhaW1wb3J0YW50OyBjb2xvcjogIzAwMCAhaW1wb3J0YW50O3RyYW5zZm9ybTogcm90YXRlKGRlZykgIWltcG9ydGFudDsiPjxwb2x5Z29uIHBvaW50cz0iMTczLjgsMjguNCA2MC40LDE0MS44IDE1LjcsOTcuMiA1LjEsMTA3LjggNjAuNCwxNjMgMTg0LjQsMzkgMTczLjgsMjguNCIgZmlsbD0iIzAwMCIgc3Ryb2tlPSIjMDAwIiBzdHlsZT0iZmlsbDogcmdiKDAsIDAsIDApOyBzdHJva2U6IHJnYigwLCAwLCAwKTsiLz48L3N2Zz4=') !important}<\/style><ul><li>Metalik Malzemelerin Ergitme Kayna\u011f\u0131 \u0130\u00e7in Kalite \u015eartlar\u0131 EN ISO 3834-2<\/li><li>Kalite Y\u00f6netim Sistemi ISO 9001:2015<\/li><li>\u0130\u015f Sa\u011fl\u0131\u011f\u0131 ve G\u00fcvenli\u011fi Y\u00f6netim Sistemi<\/li><li>WPQR Kaynakl\u0131 \u0130malat Yeterlilik Belgesi<\/li><\/ul><\/div>\n<\/div><\/div><\/div>\n\n\n\n<div class=\"wp-block-stackable-column stk-block-column stk-column stk-block stk-a7c3f90\" data-v=\"4\" data-block-id=\"a7c3f90\"><style>@media screen and (min-width:768px){.stk-a7c3f90{flex:1 1 66.7% !important}}<\/style><div class=\"stk-column-wrapper stk-block-column__content stk-container stk-a7c3f90-container stk--no-background stk--no-padding\"><div class=\"stk-block-content stk-inner-blocks stk-a7c3f90-inner-blocks\">\n<div class=\"wp-block-stackable-columns alignfull stk-block-columns stk-block stk-bf14041\" data-block-id=\"bf14041\"><div class=\"stk-row stk-inner-blocks stk-block-content stk-content-align stk-bf14041-column alignfull\">\n<div class=\"wp-block-stackable-column stk-block-column stk-column stk-block stk-b43ec28\" data-v=\"4\" data-block-id=\"b43ec28\"><style>@media screen and (max-width:767px){.stk-b43ec28{flex:0 1 calc(50% - var(--stk-column-gap,0px) * 1 \/ 2 ) !important}}<\/style><div class=\"stk-column-wrapper stk-block-column__content stk-container stk-b43ec28-container stk--no-background stk--no-padding\"><div class=\"stk-block-content stk-inner-blocks stk-b43ec28-inner-blocks\">\n<div class=\"wp-block-stackable-image stk-block-image stk-block stk-78601e2 stk-block-background\" data-block-id=\"78601e2\"><style>.stk-78601e2{background-color:var(--theme-palette-color-6,#f5f4f2) !important;padding-top:5px !important;padding-right:5px !important;padding-bottom:5px !important;padding-left:5px !important}.stk-78601e2:before{background-color:var(--theme-palette-color-6,#f5f4f2) !important}.stk-78601e2 .stk-img-wrapper img{filter:grayscale(1) !important}.stk-78601e2 .stk-img-wrapper:hover img{filter:grayscale(0) !important}<\/style><figure><div class=\"stk-img-wrapper stk-image--shape-stretch\"><img loading=\"lazy\" decoding=\"async\" class=\"stk-img wp-image-650\" src=\"https:\/\/kc-group.com.tr\/wp-content\/uploads\/2024\/01\/1690876901-icon-725x1024.jpeg\" width=\"725\" height=\"1024\" srcset=\"https:\/\/kc-group.com.tr\/wp-content\/uploads\/2024\/01\/1690876901-icon-725x1024.jpeg 725w, https:\/\/kc-group.com.tr\/wp-content\/uploads\/2024\/01\/1690876901-icon-212x300.jpeg 212w, https:\/\/kc-group.com.tr\/wp-content\/uploads\/2024\/01\/1690876901-icon-768x1085.jpeg 768w, https:\/\/kc-group.com.tr\/wp-content\/uploads\/2024\/01\/1690876901-icon-1087x1536.jpeg 1087w, https:\/\/kc-group.com.tr\/wp-content\/uploads\/2024\/01\/1690876901-icon-1450x2048.jpeg 1450w, https:\/\/kc-group.com.tr\/wp-content\/uploads\/2024\/01\/1690876901-icon-scaled.jpeg 1812w\" sizes=\"auto, (max-width: 725px) 100vw, 725px\" \/><\/div><\/figure><\/div>\n<\/div><\/div><\/div>\n\n\n\n<div class=\"wp-block-stackable-column stk-block-column stk-column stk-block stk-fde3b38\" data-v=\"4\" data-block-id=\"fde3b38\"><style>@media screen and (max-width:767px){.stk-fde3b38{flex:0 1 calc(50% - var(--stk-column-gap,0px) * 1 \/ 2 ) !important}}<\/style><div class=\"stk-column-wrapper stk-block-column__content stk-container stk-fde3b38-container stk--no-background stk--no-padding\"><div class=\"stk-block-content stk-inner-blocks stk-fde3b38-inner-blocks\">\n<div class=\"wp-block-stackable-image stk-block-image stk-block stk-072a03f stk-block-background\" data-block-id=\"072a03f\"><style>.stk-072a03f{background-color:var(--theme-palette-color-6,#f5f4f2) !important;padding-top:5px !important;padding-right:5px !important;padding-bottom:5px !important;padding-left:5px !important}.stk-072a03f:before{background-color:var(--theme-palette-color-6,#f5f4f2) !important}.stk-072a03f .stk-img-wrapper img{filter:grayscale(1) !important}.stk-072a03f .stk-img-wrapper:hover img{filter:grayscale(0) !important}<\/style><figure><div class=\"stk-img-wrapper stk-image--shape-stretch\"><img loading=\"lazy\" decoding=\"async\" class=\"stk-img wp-image-651\" src=\"https:\/\/kc-group.com.tr\/wp-content\/uploads\/2024\/01\/1677068969-icon-722x1024.jpeg\" width=\"722\" height=\"1024\" srcset=\"https:\/\/kc-group.com.tr\/wp-content\/uploads\/2024\/01\/1677068969-icon-722x1024.jpeg 722w, https:\/\/kc-group.com.tr\/wp-content\/uploads\/2024\/01\/1677068969-icon-212x300.jpeg 212w, https:\/\/kc-group.com.tr\/wp-content\/uploads\/2024\/01\/1677068969-icon-768x1089.jpeg 768w, https:\/\/kc-group.com.tr\/wp-content\/uploads\/2024\/01\/1677068969-icon-1084x1536.jpeg 1084w, https:\/\/kc-group.com.tr\/wp-content\/uploads\/2024\/01\/1677068969-icon.jpeg 1229w\" sizes=\"auto, (max-width: 722px) 100vw, 722px\" \/><\/div><\/figure><\/div>\n<\/div><\/div><\/div>\n\n\n\n<div class=\"wp-block-stackable-column stk-block-column stk-column stk-block stk-974198f\" data-v=\"4\" data-block-id=\"974198f\"><style>@media screen and (max-width:767px){.stk-974198f{flex:0 1 calc(50% - var(--stk-column-gap,0px) * 1 \/ 2 ) !important}}<\/style><div class=\"stk-column-wrapper stk-block-column__content stk-container stk-974198f-container stk--no-background stk--no-padding\"><div class=\"stk-block-content stk-inner-blocks stk-974198f-inner-blocks\">\n<div class=\"wp-block-stackable-image stk-block-image stk-block stk-d25ac73 stk-block-background\" data-block-id=\"d25ac73\"><style>.stk-d25ac73{background-color:var(--theme-palette-color-6,#f5f4f2) !important;padding-top:5px !important;padding-right:5px !important;padding-bottom:5px !important;padding-left:5px !important}.stk-d25ac73:before{background-color:var(--theme-palette-color-6,#f5f4f2) !important}.stk-d25ac73 .stk-img-wrapper img{filter:grayscale(1) !important}.stk-d25ac73 .stk-img-wrapper:hover img{filter:grayscale(0) !important}<\/style><figure><div class=\"stk-img-wrapper stk-image--shape-stretch\"><img loading=\"lazy\" decoding=\"async\" class=\"stk-img wp-image-652\" src=\"https:\/\/kc-group.com.tr\/wp-content\/uploads\/2024\/01\/1675687062-icon-726x1024.png\" width=\"726\" height=\"1024\" srcset=\"https:\/\/kc-group.com.tr\/wp-content\/uploads\/2024\/01\/1675687062-icon-726x1024.png 726w, https:\/\/kc-group.com.tr\/wp-content\/uploads\/2024\/01\/1675687062-icon-213x300.png 213w, https:\/\/kc-group.com.tr\/wp-content\/uploads\/2024\/01\/1675687062-icon-768x1083.png 768w, https:\/\/kc-group.com.tr\/wp-content\/uploads\/2024\/01\/1675687062-icon.png 784w\" sizes=\"auto, (max-width: 726px) 100vw, 726px\" \/><\/div><\/figure><\/div>\n<\/div><\/div><\/div>\n\n\n\n<div class=\"wp-block-stackable-column stk-block-column stk-column stk-block stk-7b41372\" data-v=\"4\" data-block-id=\"7b41372\"><style>.stk-7b41372{align-self:center !important}@media screen and (max-width:767px){.stk-7b41372{flex:0 1 calc(50% - var(--stk-column-gap,0px) * 1 \/ 2 ) !important}}<\/style><div class=\"stk-column-wrapper stk-block-column__content stk-container stk-7b41372-container stk--no-background stk--no-padding\"><div class=\"stk-block-content stk-inner-blocks stk-7b41372-inner-blocks\">\n<div class=\"wp-block-stackable-image stk-block-image stk-block stk-9795506 stk-block-background\" data-block-id=\"9795506\"><style>.stk-9795506{background-color:var(--theme-palette-color-6,#f5f4f2) !important;padding-top:5px !important;padding-right:5px !important;padding-bottom:5px !important;padding-left:5px !important}.stk-9795506:before{background-color:var(--theme-palette-color-6,#f5f4f2) !important}.stk-9795506 .stk-img-wrapper{width:100% !important}.stk-9795506 .stk-img-wrapper img{filter:grayscale(1) !important}.stk-9795506 .stk-img-wrapper:hover img{filter:grayscale(0) !important}<\/style><figure><div class=\"stk-img-wrapper stk-image--shape-stretch\"><img loading=\"lazy\" decoding=\"async\" class=\"stk-img wp-image-919\" src=\"https:\/\/kc-group.com.tr\/wp-content\/uploads\/2024\/03\/Ekran-goruntusu-2024-03-21-144353.png\" width=\"548\" height=\"780\" srcset=\"https:\/\/kc-group.com.tr\/wp-content\/uploads\/2024\/03\/Ekran-goruntusu-2024-03-21-144353.png 548w, https:\/\/kc-group.com.tr\/wp-content\/uploads\/2024\/03\/Ekran-goruntusu-2024-03-21-144353-211x300.png 211w\" sizes=\"auto, (max-width: 548px) 100vw, 548px\" \/><\/div><\/figure><\/div>\n<\/div><\/div><\/div>\n<\/div><\/div>\n<\/div><\/div><\/div>\n<\/div><\/div>\n","protected":false},"excerpt":{"rendered":"","protected":false},"author":1,"featured_media":0,"parent":0,"menu_order":0,"comment_status":"closed","ping_status":"closed","template":"","meta":{"footnotes":""},"class_list":["post-1353","page","type-page","status-publish","hentry"],"blocksy_meta":[],"featured_image_urls":{"full":"","thumbnail":"","medium":"","medium_large":"","large":"","1536x1536":"","2048x2048":""},"post_excerpt_stackable":"<p>Sertifikalar Metalik Malzemelerin Ergitme Kayna\u011f\u0131 \u0130\u00e7in Kalite \u015eartlar\u0131 EN ISO 3834-2Kalite Y\u00f6netim Sistemi ISO 9001:2015\u0130\u015f Sa\u011fl\u0131\u011f\u0131 ve G\u00fcvenli\u011fi Y\u00f6netim SistemiWPQR Kaynakl\u0131 \u0130malat Yeterlilik Belgesi<\/p>\n","category_list":"","author_info":{"name":"admin","url":"https:\/\/kc-group.com.tr\/fr\/author\/kcgroup\/"},"comments_num":"0 comments","meta_box":[],"_links":{"self":[{"href":"https:\/\/kc-group.com.tr\/fr\/wp-json\/wp\/v2\/pages\/1353","targetHints":{"allow":["GET"]}}],"collection":[{"href":"https:\/\/kc-group.com.tr\/fr\/wp-json\/wp\/v2\/pages"}],"about":[{"href":"https:\/\/kc-group.com.tr\/fr\/wp-json\/wp\/v2\/types\/page"}],"author":[{"embeddable":true,"href":"https:\/\/kc-group.com.tr\/fr\/wp-json\/wp\/v2\/users\/1"}],"replies":[{"embeddable":true,"href":"https:\/\/kc-group.com.tr\/fr\/wp-json\/wp\/v2\/comments?post=1353"}],"version-history":[{"count":3,"href":"https:\/\/kc-group.com.tr\/fr\/wp-json\/wp\/v2\/pages\/1353\/revisions"}],"predecessor-version":[{"id":1497,"href":"https:\/\/kc-group.com.tr\/fr\/wp-json\/wp\/v2\/pages\/1353\/revisions\/1497"}],"wp:attachment":[{"href":"https:\/\/kc-group.com.tr\/fr\/wp-json\/wp\/v2\/media?parent=1353"}],"curies":[{"name":"wp","href":"https:\/\/api.w.org\/{rel}","templated":true}]}}