{"id":1361,"date":"2024-03-07T16:47:33","date_gmt":"2024-03-07T16:47:33","guid":{"rendered":"https:\/\/kcgroup.ifeelcode.com\/politique-en-matiere-de-cookies\/"},"modified":"2024-03-21T14:15:57","modified_gmt":"2024-03-21T14:15:57","slug":"politique-en-matiere-de-cookies","status":"publish","type":"page","link":"https:\/\/kc-group.com.tr\/fr\/politique-en-matiere-de-cookies\/","title":{"rendered":"Politique en mati\u00e8re de cookies"},"content":{"rendered":"\n<p>Cette politique en mati\u00e8re de cookies a \u00e9t\u00e9 pr\u00e9par\u00e9e pour prot\u00e9ger les droits \u00e0 la vie priv\u00e9e des visiteurs du site Web <a href=\"https:\/\/kc-group.com.tr\/fr\/\">https:\/\/kc-group.com.tr<\/a> exploit\u00e9 par KC Group. Lorsque vous visitez notre site Internet, des cookies et technologies similaires sont utilis\u00e9s pour vous offrir une meilleure exp\u00e9rience et am\u00e9liorer constamment nos services.<\/p>\n\n<h2 class=\"wp-block-heading\">1. Qu&rsquo;est-ce qu&rsquo;un cookie ?<\/h2>\n\n<p>Les cookies sont de petits fichiers texte envoy\u00e9s et stock\u00e9s par les sites Web sur les appareils des visiteurs. Ces fichiers aident notre site Web \u00e0 collecter des informations sur les visiteurs et \u00e0 m\u00e9moriser les pr\u00e9f\u00e9rences des visiteurs sur le site.<\/p>\n\n<h2 class=\"wp-block-heading\">2. Comment les cookies sont-ils utilis\u00e9s ?<\/h2>\n\n<p>KC Group utilise des cookies pour am\u00e9liorer les performances, fournir des fonctionnalit\u00e9s de m\u00e9dias sociaux et diffuser des publicit\u00e9s cibl\u00e9es. Les cookies collectent des informations sur l&rsquo;utilisation de notre site Web et ces informations nous aident \u00e0 fournir un contenu et des publicit\u00e9s plus pertinents \u00e0 nos visiteurs.<\/p>\n\n<h2 class=\"wp-block-heading\">3. Quels cookies sont utilis\u00e9s ?<\/h2>\n\n<ul class=\"wp-block-list\">\n<li><strong>Cookies obligatoires<\/strong> : Il s&rsquo;agit de cookies n\u00e9cessaires au bon fonctionnement de notre site Web. Sans ces cookies, certaines parties de notre site Web pourraient ne pas fonctionner.<\/li>\n\n\n\n<li><strong>Cookies de performance<\/strong> : ce sont des cookies qui collectent des informations anonymes sur la mani\u00e8re dont les visiteurs utilisent notre site Web. Ces informations nous aident \u00e0 am\u00e9liorer notre site Web.<\/li>\n\n\n\n<li><strong>Cookies fonctionnels<\/strong> : ce sont des cookies qui nous permettent de m\u00e9moriser les pr\u00e9f\u00e9rences des visiteurs sur notre site Web.<\/li>\n\n\n\n<li><strong>Cookies de ciblage\/publicit\u00e9<\/strong> : ce sont des cookies qui nous aident \u00e0 diffuser des publicit\u00e9s adapt\u00e9es aux int\u00e9r\u00eats des visiteurs.<\/li>\n<\/ul>\n\n<h2 class=\"wp-block-heading\">4. Comment pouvez-vous g\u00e9rer vos pr\u00e9f\u00e9rences en mati\u00e8re de cookies ?<\/h2>\n\n<p>Vous pouvez g\u00e9rer vos pr\u00e9f\u00e9rences en mati\u00e8re de cookies via les param\u00e8tres de votre navigateur Web. Refuser d&rsquo;accepter les cookies peut limiter votre utilisation de certaines fonctions de notre site Web.<\/p>\n\n<h2 class=\"wp-block-heading\">5. Notre politique de confidentialit\u00e9<\/h2>\n\n<p>Pour plus d&rsquo;informations sur la mani\u00e8re dont les donn\u00e9es collect\u00e9es via les cookies sont utilis\u00e9es, veuillez consulter notre <a>Politique de confidentialit\u00e9.<\/a><\/p>\n\n<p>KC Group peut mettre \u00e0 jour cette politique en mati\u00e8re de cookies de temps \u00e0 autre. Les modifications entreront en vigueur d\u00e8s leur publication sur notre site Web.<\/p>\n\n<p>Cette politique refl\u00e8te notre engagement envers la confidentialit\u00e9 de nos visiteurs. Veuillez nous contacter pour vos questions.<\/p>\n","protected":false},"excerpt":{"rendered":"<p>Cette politique en mati\u00e8re de cookies a \u00e9t\u00e9 pr\u00e9par\u00e9e pour prot\u00e9ger les droits \u00e0 la vie priv\u00e9e des visiteurs du site Web https:\/\/kc-group.com.tr exploit\u00e9 par KC Group. Lorsque vous visitez notre site Internet, des cookies et technologies similaires sont utilis\u00e9s pour vous offrir une meilleure exp\u00e9rience et am\u00e9liorer constamment nos services. 1. Qu&rsquo;est-ce qu&rsquo;un cookie [&hellip;]<\/p>\n","protected":false},"author":1,"featured_media":0,"parent":0,"menu_order":0,"comment_status":"closed","ping_status":"closed","template":"","meta":{"footnotes":""},"class_list":["post-1361","page","type-page","status-publish","hentry"],"blocksy_meta":[],"featured_image_urls":{"full":"","thumbnail":"","medium":"","medium_large":"","large":"","1536x1536":"","2048x2048":""},"post_excerpt_stackable":"<p>Cette politique en mati\u00e8re de cookies a \u00e9t\u00e9 pr\u00e9par\u00e9e pour prot\u00e9ger les droits \u00e0 la vie priv\u00e9e des visiteurs du site Web https:\/\/kc-group.com.tr exploit\u00e9 par KC Group. Lorsque vous visitez notre site Internet, des cookies et technologies similaires sont utilis\u00e9s pour vous offrir une meilleure exp\u00e9rience et am\u00e9liorer constamment nos services. 1. Qu&rsquo;est-ce qu&rsquo;un cookie ? Les cookies sont de petits fichiers texte envoy\u00e9s et stock\u00e9s par les sites Web sur les appareils des visiteurs. Ces fichiers aident notre site Web \u00e0 collecter des informations sur les visiteurs et \u00e0 m\u00e9moriser les pr\u00e9f\u00e9rences des visiteurs sur le site. 2. Comment\u2026<\/p>\n","category_list":"","author_info":{"name":"admin","url":"https:\/\/kc-group.com.tr\/fr\/author\/kcgroup\/"},"comments_num":"0 comments","meta_box":[],"_links":{"self":[{"href":"https:\/\/kc-group.com.tr\/fr\/wp-json\/wp\/v2\/pages\/1361","targetHints":{"allow":["GET"]}}],"collection":[{"href":"https:\/\/kc-group.com.tr\/fr\/wp-json\/wp\/v2\/pages"}],"about":[{"href":"https:\/\/kc-group.com.tr\/fr\/wp-json\/wp\/v2\/types\/page"}],"author":[{"embeddable":true,"href":"https:\/\/kc-group.com.tr\/fr\/wp-json\/wp\/v2\/users\/1"}],"replies":[{"embeddable":true,"href":"https:\/\/kc-group.com.tr\/fr\/wp-json\/wp\/v2\/comments?post=1361"}],"version-history":[{"count":1,"href":"https:\/\/kc-group.com.tr\/fr\/wp-json\/wp\/v2\/pages\/1361\/revisions"}],"predecessor-version":[{"id":1362,"href":"https:\/\/kc-group.com.tr\/fr\/wp-json\/wp\/v2\/pages\/1361\/revisions\/1362"}],"wp:attachment":[{"href":"https:\/\/kc-group.com.tr\/fr\/wp-json\/wp\/v2\/media?parent=1361"}],"curies":[{"name":"wp","href":"https:\/\/api.w.org\/{rel}","templated":true}]}}